{"id":581,"date":"2021-06-08T15:28:35","date_gmt":"2021-06-08T18:28:35","guid":{"rendered":"https:\/\/newseguros.com.br\/site\/?page_id=581"},"modified":"2021-12-28T14:49:09","modified_gmt":"2021-12-28T17:49:09","slug":"sobre-a-new","status":"publish","type":"page","link":"https:\/\/newseguros.com.br\/site\/sobre-a-new\/","title":{"rendered":"Sobre a NEW"},"content":{"rendered":"<p>[vc_row full_width=&#8221;stretch_row&#8221; css=&#8221;.vc_custom_1623172749051{padding-top: 64px !important;padding-bottom: 64px !important;background-color: #000001 !important;}&#8221;][vc_column]<div id=\"cz_88778\" class=\"cz_88778 cz_title clr cz_title_pos_inline tac\"><div class=\"cz_title_content\"><div class=\"cz_wpe_content\"><p><span style=\"text-align: center;\"><span style=\"color: #ffffff;\">Conhe\u00e7a os valores e ideais que nos movem,<\/span> todos os dias<span style=\"color: #ffffff;\">,<\/span> <span style=\"color: #ffffff;\">para oferecer a voc\u00ea produtos e servi\u00e7os que proporcionem<\/span> mais tranquilidade, seguran\u00e7a e conveni\u00eancia.<\/span><\/p>\n<\/div><\/div><\/div>[\/vc_column][\/vc_row][vc_row][vc_column]<div class=\"cz_gap clr \" style=\"height: 64px\"><\/div>[\/vc_column][\/vc_row][vc_row][vc_column width=&#8221;1\/2&#8243; css=&#8221;.vc_custom_1506005312941{padding-right: 40px !important;}&#8221;]<div id=\"cz_32944\" class=\"cz_32944 cz_title clr cz_title_ba_line cz_title_pos_inline\"><div class=\"cz_title_content\"><div class=\"cz_wpe_content\"><h3 style=\"text-align: left;\">Sobre N\u00f3s<\/h3>\n<\/div><div class=\"cz_title_line cz_line_after_title\"><span>_<\/span><\/div><\/div><\/div><div class=\"cz_gap clr \" style=\"height: 40px\"><\/div>[vc_column_text]A <strong>NEW Seguros<\/strong>\u00a0\u00e9 uma empresa brasileira, localizada na regi\u00e3o sul da cidade de S\u00e3o Paulo. Fundada por pessoas s\u00e9rias, \u00e9 reconhecida como uma das melhores corretoras do Pa\u00eds, por sua atua\u00e7\u00e3o nos segmentos de Seguro Auto e Resid\u00eancia.<\/p>\n<p>Al\u00e9m de atuar nos principais ramos de seguros patrimoniais e de pessoas, a <strong>NEW Seguros<\/strong>\u00a0oferece, mais de 50 produtos e servi\u00e7os, como cons\u00f3rcios, solu\u00e7\u00f5es financeiras, prote\u00e7\u00e3o e monitoramento, sa\u00fade ocupacional, entre outros.[\/vc_column_text]<div class=\"cz_gap clr \" style=\"height: 32px\"><\/div>[\/vc_column][vc_column width=&#8221;1\/2&#8243; css=&#8221;.vc_custom_1506097549001{padding-right: 30px !important;padding-left: 30px !important;}&#8221;]<div id=\"cz_109362\" data-arrows='{\"open\":\"fa fa-angle-down\",\"close\":\"fa fa-angle-up\"}' class=\"cz_109362 cz_acc clr cz_acc_first_open\"><div><div><span class=\"cz_acc_child\"><i class=\"cz-acc-i cz-acc-icon fa czico-074-tick-inside-circle\"><\/i><div>MISS\u00c3O<\/div><\/span><div class=\"cz_acc_child_content clr\">[vc_row_inner][vc_column_inner][vc_column_text]Nossa miss\u00e3o \u00e9 diminuir riscos e prestar servi\u00e7os, por meio de um atendimento familiar que supere expectativas, garantindo agilidade a custos competitivos com responsabilidade social e ambiental.[\/vc_column_text][\/vc_column_inner][\/vc_row_inner]<\/div><\/div><div><span class=\"cz_acc_child\"><i class=\"cz-acc-i cz-acc-icon fa czico-074-tick-inside-circle\"><\/i><div>VALORES<\/div><\/span><div class=\"cz_acc_child_content clr\">[vc_column_text]A <strong>EXP Seguros<\/strong>\u00a0\u00e9 o conjunto de pessoas formado por seus funcion\u00e1rios, dirigentes, corretores, prestadores de servi\u00e7os e parceiros de neg\u00f3cios que, individual e coletivamente, se orientam pelos seguintes valores, exemplos e compromissos:<strong>\u00a0<\/strong><\/p>\n<p><strong>Valores:<\/strong><\/p>\n<ul>\n<li>Coopera\u00e7\u00e3o, transpar\u00eancia, justi\u00e7a e atitude de atender com genu\u00edno interesse s\u00e3o nossos valores fundamentais.<\/li>\n<li>A busca pela perfei\u00e7\u00e3o exige humildade, determina\u00e7\u00e3o e paci\u00eancia.<\/li>\n<li>Erros acontecem e precisam ser assumidos e corrigidos de imediato, como oportunidade de aprendizado, melhoria e crescimento.<\/li>\n<li>O trabalho deve ser realizado com entusiasmo e visto como oportunidade de desenvolvimento.<\/li>\n<li>A dedica\u00e7\u00e3o de cada um deve ir al\u00e9m das atribui\u00e7\u00f5es da sua fun\u00e7\u00e3o.<\/li>\n<li>N\u00e3o se beneficiar da fun\u00e7\u00e3o para vantagens pessoais e manter uma postura de simplicidade sem personalismo.<\/li>\n<li>Preparar sucessores capazes de ampliar os horizontes da Corpora\u00e7\u00e3o.<\/li>\n<\/ul>\n<p>A realiza\u00e7\u00e3o profissional deve ser resultado do est\u00edmulo ao autodesenvolvimento e da busca de novos desafios.[\/vc_column_text]<\/div><\/div><\/div><\/div>[\/vc_column][\/vc_row][vc_row][vc_column]<div class=\"cz_gap clr \" style=\"height: 100px\"><\/div>[\/vc_column][\/vc_row]<\/p>\n","protected":false},"excerpt":{"rendered":"<p>[vc_row full_width=&#8221;stretch_row&#8221; css=&#8221;.vc_custom_1623172749051{padding-top: 64px !important;padding-bottom: 64px !important;background-color: #000001 !important;}&#8221;][vc_column][\/vc_column][\/vc_row][vc_row][vc_column][\/vc_column][\/vc_row][vc_row][vc_column width=&#8221;1\/2&#8243; css=&#8221;.vc_custom_1506005312941{padding-right: &#8230; <\/p>\n","protected":false},"author":1,"featured_media":0,"parent":0,"menu_order":0,"comment_status":"closed","ping_status":"closed","template":"","meta":[],"_links":{"self":[{"href":"https:\/\/newseguros.com.br\/site\/wp-json\/wp\/v2\/pages\/581"}],"collection":[{"href":"https:\/\/newseguros.com.br\/site\/wp-json\/wp\/v2\/pages"}],"about":[{"href":"https:\/\/newseguros.com.br\/site\/wp-json\/wp\/v2\/types\/page"}],"author":[{"embeddable":true,"href":"https:\/\/newseguros.com.br\/site\/wp-json\/wp\/v2\/users\/1"}],"replies":[{"embeddable":true,"href":"https:\/\/newseguros.com.br\/site\/wp-json\/wp\/v2\/comments?post=581"}],"version-history":[{"count":25,"href":"https:\/\/newseguros.com.br\/site\/wp-json\/wp\/v2\/pages\/581\/revisions"}],"predecessor-version":[{"id":976,"href":"https:\/\/newseguros.com.br\/site\/wp-json\/wp\/v2\/pages\/581\/revisions\/976"}],"wp:attachment":[{"href":"https:\/\/newseguros.com.br\/site\/wp-json\/wp\/v2\/media?parent=581"}],"curies":[{"name":"wp","href":"https:\/\/api.w.org\/{rel}","templated":true}]}}